{"id":295,"date":"2020-10-24T16:27:22","date_gmt":"2020-10-24T16:27:22","guid":{"rendered":"http:\/\/www.transportesalamo.com\/?page_id=295"},"modified":"2021-02-15T22:57:33","modified_gmt":"2021-02-15T22:57:33","slug":"comprar-boletos","status":"publish","type":"page","link":"https:\/\/www.transportesalamo.com\/index.php\/comprar-boletos\/","title":{"rendered":"Comprar Boletos"},"content":{"rendered":"\n<ul class=\"wp-block-list\"><li>Podr\u00e1 realizar el dep\u00f3sito o pago v\u00eda tarjeta de cr\u00e9dito dentro de las 48 horas desde la recepci\u00f3n de este formulario, por el momento, no podemos asegurarle un asiento definido (ventana o pasillo), nos esforzaremos por darle la mejor ubicaci\u00f3n, Ni\u00f1os mayores de 3 a\u00f1os pagan boleto adicional.<\/li><li>Por el momento no se hacen reservaciones sin  antes haber realizado el pago.<\/li><\/ul>\n\n\n\n<p><\/p>\n\n\n\n<h3 class=\"wp-block-heading\">\u00bfC\u00f3mo realizar una compra de boletos?<\/h3>\n\n\n\n<ul class=\"wp-block-list\"><li>Seleccione un destino<\/li><li>Llene el formulario con los datos solicitados<\/li><li>Seleccione el m\u00e9todo de pago<\/li><li>Recibir\u00e1 las indicaci\u00f3nes de pago al finalizar el formulario.<\/li><\/ul>\n\n\n\n<div class=\"wp-block-buttons is-layout-flex wp-block-buttons-is-layout-flex\">\n<div class=\"wp-block-button is-style-outline is-style-outline--1\"><a class=\"wp-block-button__link\">Selecci\u00f3n de Viaje:<\/a><\/div>\n<\/div>\n\n\n\n<div class=\"wp-block-buttons is-layout-flex wp-block-buttons-is-layout-flex\">\n<div class=\"wp-block-button\"><a class=\"wp-block-button__link\" href=\"https:\/\/www.transportesalamo.com\/index.php\/comprar-boletos\/quetzaltenango-a-guatemala\/\"><span class=\"has-inline-color has-vivid-green-cyan-color\">Quetzaltenango  a Guatemala<\/span><\/a><\/div>\n\n\n\n<div class=\"wp-block-button\"><a class=\"wp-block-button__link\" href=\"https:\/\/www.transportesalamo.com\/index.php\/comprar-boletos\/guatemala-a-quetzaltenango\/\"><span class=\"has-inline-color has-vivid-green-cyan-color\">Guatemala a Quetzaltenango<\/span><\/a><\/div>\n<\/div>\n\n\n\n<p><\/p>\n","protected":false},"excerpt":{"rendered":"<p>Podr\u00e1 realizar el dep\u00f3sito o pago v\u00eda tarjeta de cr\u00e9dito dentro de las 48 horas desde la recepci\u00f3n de este formulario, por el momento, no podemos asegurarle un asiento definido (ventana o pasillo), nos esforzaremos por darle la mejor ubicaci\u00f3n, Ni\u00f1os mayores de 3 a\u00f1os pagan boleto adicional. Por el momento no se hacen reservaciones&hellip;<\/p>\n","protected":false},"author":1,"featured_media":0,"parent":0,"menu_order":0,"comment_status":"closed","ping_status":"closed","template":"","meta":{"footnotes":""},"class_list":["post-295","page","type-page","status-publish","hentry"],"_links":{"self":[{"href":"https:\/\/www.transportesalamo.com\/index.php\/wp-json\/wp\/v2\/pages\/295","targetHints":{"allow":["GET"]}}],"collection":[{"href":"https:\/\/www.transportesalamo.com\/index.php\/wp-json\/wp\/v2\/pages"}],"about":[{"href":"https:\/\/www.transportesalamo.com\/index.php\/wp-json\/wp\/v2\/types\/page"}],"author":[{"embeddable":true,"href":"https:\/\/www.transportesalamo.com\/index.php\/wp-json\/wp\/v2\/users\/1"}],"replies":[{"embeddable":true,"href":"https:\/\/www.transportesalamo.com\/index.php\/wp-json\/wp\/v2\/comments?post=295"}],"version-history":[{"count":23,"href":"https:\/\/www.transportesalamo.com\/index.php\/wp-json\/wp\/v2\/pages\/295\/revisions"}],"predecessor-version":[{"id":360,"href":"https:\/\/www.transportesalamo.com\/index.php\/wp-json\/wp\/v2\/pages\/295\/revisions\/360"}],"wp:attachment":[{"href":"https:\/\/www.transportesalamo.com\/index.php\/wp-json\/wp\/v2\/media?parent=295"}],"curies":[{"name":"wp","href":"https:\/\/api.w.org\/{rel}","templated":true}]}}