{"id":40,"date":"2018-10-22T14:47:29","date_gmt":"2018-10-22T14:47:29","guid":{"rendered":"http:\/\/www.transportesalamo.com\/?page_id=40"},"modified":"2022-03-08T06:20:13","modified_gmt":"2022-03-08T06:20:13","slug":"servicios","status":"publish","type":"page","link":"https:\/\/www.transportesalamo.com\/index.php\/servicios\/","title":{"rendered":"Servicios"},"content":{"rendered":"<p><strong>&#8211; Servicio de Transporte de Pasajeros<\/strong><\/p>\n<hr>\n<p>Transportes Alamo ofrece el servicio de pasajeros para personas de alto criterio viajando en nuestros buses de clase pulman en rutas de Quetzaltenango \u2013 Guatemala y viceversa.<\/p>\n<p>&nbsp;<\/p>\n<p>Cuenta con:<\/p>\n<ul>\n<li title=\"\" data-original-title=\"\">Buses tipo pulman<\/li>\n<li title=\"\" data-original-title=\"\">Aire acondicionado<\/li>\n<li title=\"\" data-original-title=\"\">Cortinas en ventanas<\/li>\n<li title=\"\" data-original-title=\"\">Asientos reclinables<\/li>\n<li title=\"\" data-original-title=\"\">Comodidad y buen servicio<\/li>\n<\/ul>\n<p>&nbsp;<\/p>\n<hr>\n<p><strong>&#8211; Servicio de Envios de Paqueteria<\/strong><\/p>\n<p>Es un servicio que le ofrece Transportes Alamo, con alta calidad en el servicio. Para consolidarnos como empresa fuerte, confiable y con presencia, es un servicio de paqueter\u00ed\u00ada y env\u00edos; con una flotilla de autobuses moderna y suficiente para trasladar sus paquetes.<\/p>\n<p>Contamos con una variedad de horarios a su disposici\u00f3n, con un tiempo de respuesta inmediato que el de las empresas de paqueter\u00eda tradicionales. Su mensajer\u00eda se enviara en el bus m\u00e1s pr\u00f3ximo disponible.<\/p>\n<p>La documentaci\u00f3n es 100% sistematizada, monitore\u00edndose constantemente para darle seguimiento desde la recepci\u00f3n hasta la entrega, con la seguridad de que sus paquetes llegar\u00e1n a su destino.<\/p>\n<hr>\n<p><strong>&#8211; Renta de Transporte<\/strong><\/p>\n<p>Transportes Alamo es un equipo conformado por personal altamente capacitado, especializado en brindar un trato c\u00e1lido y personalizado con alta capacidad de respuesta a todas sus necesidades e inquietudes.<\/p>\n<p>llevamos c\u00f3modamente a los principales destinos de toda la Rep\u00fablica de Guatemala en modernas y confortables unidades equipadas con lo necesario para hacer de su viaje toda una experiencia de comodidad y confort; asi tambien otros destinos de gran demanda e inter\u00e8s tanto a nivel nacional como internacional.<\/p>\n<p>Contamos con una amplia variedad de opciones para todos los presupuestos, y por eso te ofrecemos planes especiales para entidades, empresas, colegios, grupos musicales, equipos de futbol, manteniendo altos est\u00e1ndares de calidad en todos nuestros servicios de transporte.<\/p>\n<hr>\n<p><strong>&nbsp;&#8211; Servicio de Taxi<\/strong><\/p>\n<p>&nbsp;<\/p>\n<p>En Transportes Alamo ofrecemos un servicio de calidad, c\u00f3modo, r\u00e1pido y eficiente.<\/p>\n<p>Cuenta con:<\/p>\n<ul>\n<li title=\"\" data-original-title=\"\">Comodidad<\/li>\n<li title=\"\" data-original-title=\"\">Aire acondicionado<\/li>\n<li title=\"\" data-original-title=\"\">Servicio personalizado<\/li>\n<li title=\"\" data-original-title=\"\">Personal capacitado<\/li>\n<li title=\"\" data-original-title=\"\">Comodidad y buen servicio<\/li>\n<\/ul>\n","protected":false},"excerpt":{"rendered":"<p>&#8211; Servicio de Transporte de Pasajeros Transportes Alamo ofrece el servicio de pasajeros para personas de alto criterio viajando en nuestros buses de clase pulman en rutas de Quetzaltenango \u2013 Guatemala y viceversa. &nbsp; Cuenta con: Buses tipo pulman Aire acondicionado Cortinas en ventanas Asientos reclinables Comodidad y buen servicio &nbsp; &#8211; Servicio de Envios&hellip;<\/p>\n","protected":false},"author":1,"featured_media":0,"parent":0,"menu_order":0,"comment_status":"closed","ping_status":"closed","template":"","meta":{"footnotes":""},"class_list":["post-40","page","type-page","status-publish","hentry"],"_links":{"self":[{"href":"https:\/\/www.transportesalamo.com\/index.php\/wp-json\/wp\/v2\/pages\/40","targetHints":{"allow":["GET"]}}],"collection":[{"href":"https:\/\/www.transportesalamo.com\/index.php\/wp-json\/wp\/v2\/pages"}],"about":[{"href":"https:\/\/www.transportesalamo.com\/index.php\/wp-json\/wp\/v2\/types\/page"}],"author":[{"embeddable":true,"href":"https:\/\/www.transportesalamo.com\/index.php\/wp-json\/wp\/v2\/users\/1"}],"replies":[{"embeddable":true,"href":"https:\/\/www.transportesalamo.com\/index.php\/wp-json\/wp\/v2\/comments?post=40"}],"version-history":[{"count":9,"href":"https:\/\/www.transportesalamo.com\/index.php\/wp-json\/wp\/v2\/pages\/40\/revisions"}],"predecessor-version":[{"id":597,"href":"https:\/\/www.transportesalamo.com\/index.php\/wp-json\/wp\/v2\/pages\/40\/revisions\/597"}],"wp:attachment":[{"href":"https:\/\/www.transportesalamo.com\/index.php\/wp-json\/wp\/v2\/media?parent=40"}],"curies":[{"name":"wp","href":"https:\/\/api.w.org\/{rel}","templated":true}]}}